{"id":14938,"date":"2019-11-19T22:22:19","date_gmt":"2019-11-19T21:22:19","guid":{"rendered":"https:\/\/ecpat.be\/?page_id=14938"},"modified":"2021-10-21T14:40:10","modified_gmt":"2021-10-21T12:40:10","slug":"detoeristischesector","status":"publish","type":"page","link":"https:\/\/ecpat.be\/nl\/detoeristischesector\/","title":{"rendered":"De toeristische sector"},"content":{"rendered":"<p>\n<style type=\"text\/css\" data-created_by=\"avia_inline_auto\" id=\"style-css-av-k2ggvyon-319f6769cca440aa73394095bc2c6a0d\">\n#top .hr.hr-invisible.av-k2ggvyon-319f6769cca440aa73394095bc2c6a0d{\nheight:50px;\n}\n<\/style>\n<div  class='hr av-k2ggvyon-319f6769cca440aa73394095bc2c6a0d hr-invisible  avia-builder-el-0  el_before_av_textblock  avia-builder-el-first '><span class='hr-inner '><span class=\"hr-inner-style\"><\/span><\/span><\/div><br \/>\n<section  class='av_textblock_section av-k2ggwk05-db8517e174b41f1273fae6cc1687d66c '   itemscope=\"itemscope\" itemtype=\"https:\/\/schema.org\/CreativeWork\" ><div class='avia_textblock'  itemprop=\"text\" ><h1 style=\"text-align: center;\">De toeristische sector<\/h1>\n<\/div><\/section><br \/>\n<section  class='av_textblock_section av-k2ggxfxf-38a6acc53e5e6dc321d845b8eb0c6768 '   itemscope=\"itemscope\" itemtype=\"https:\/\/schema.org\/CreativeWork\" ><div class='avia_textblock'  itemprop=\"text\" ><p style=\"text-align: center;\">Naast het <a href=\"https:\/\/ikzegstop.be\/\" target=\"_blank\" rel=\"noopener\">Ik zeg STOP<\/a> project, organiseert ECPAT vele acties die gericht zijn op bewustmaking van de toerismesector of toekomstige professionals.<\/p>\n<\/div><\/section><br \/>\n\n<style type=\"text\/css\" data-created_by=\"avia_inline_auto\" id=\"style-css-av-k2ggw39c-bb3f823fd3371d2c4eca541dd0ed3e95\">\n#top .hr.hr-invisible.av-k2ggw39c-bb3f823fd3371d2c4eca541dd0ed3e95{\nheight:50px;\n}\n<\/style>\n<div  class='hr av-k2ggw39c-bb3f823fd3371d2c4eca541dd0ed3e95 hr-invisible  avia-builder-el-3  el_after_av_textblock  el_before_av_layout_row  avia-builder-el-last '><span class='hr-inner '><span class=\"hr-inner-style\"><\/span><\/span><\/div><br \/>\n<\/div><\/div><\/div><!-- close content main div --><\/div><\/div><div id='av-layout-grid-1'  class='av-layout-grid-container av-36b210b-a99b43b10a3e3b09d29e95a991a942c2 entry-content-wrapper main_color av-flex-cells  avia-builder-el-4  el_after_av_hr  el_before_av_layout_row  grid-row-not-first  container_wrap fullsize'  >\n\n<style type=\"text\/css\" data-created_by=\"avia_inline_auto\" id=\"style-css-av-2er3q0r-4ceda99122a4728ed02b87e257abfb3d\">\n.flex_cell.av-2er3q0r-4ceda99122a4728ed02b87e257abfb3d{\nvertical-align:middle;\n}\n.responsive #top #wrap_all .flex_cell.av-2er3q0r-4ceda99122a4728ed02b87e257abfb3d{\npadding:0px 0px 0px 0px !important;\n}\n<\/style>\n<div class='flex_cell av-2er3q0r-4ceda99122a4728ed02b87e257abfb3d av-gridrow-cell av_one_half no_margin  avia-builder-el-5  el_before_av_cell_one_half  avia-builder-el-first  av-zero-padding' ><div class='flex_cell_inner'>\n<style type=\"text\/css\" data-created_by=\"avia_inline_auto\" id=\"style-css-av-k2gh9t28-65de695349fe1db549848afc4c2b9c44\">\n.avia-image-container.av-k2gh9t28-65de695349fe1db549848afc4c2b9c44 img.avia_image{\nbox-shadow:none;\n}\n.avia-image-container.av-k2gh9t28-65de695349fe1db549848afc4c2b9c44 .av-image-caption-overlay-center{\ncolor:#ffffff;\n}\n<\/style>\n<div  class='avia-image-container av-k2gh9t28-65de695349fe1db549848afc4c2b9c44 av-styling-no-styling av-hover-grow avia-align-center  avia-builder-el-6  avia-builder-el-no-sibling '   itemprop=\"image\" itemscope=\"itemscope\" itemtype=\"https:\/\/schema.org\/ImageObject\" ><div class=\"avia-image-container-inner\"><div class=\"avia-image-overlay-wrap\"><img decoding=\"async\" class='wp-image-14543 avia-img-lazy-loading-not-14543 avia_image ' src=\"https:\/\/ecpat.be\/wp-content\/uploads\/2019\/11\/105_SHR_Brussels_ext_4405a036d3b62425ad4b4ba-1-1-1-1-1-1.jpg\" alt='Formation tourisme' title='105_SHR_Brussels_ext_4405a036d3b62425ad4b4ba-1-1-1-1-1-1'  height=\"578\" width=\"950\"  itemprop=\"thumbnailUrl\" srcset=\"https:\/\/ecpat.be\/wp-content\/uploads\/2019\/11\/105_SHR_Brussels_ext_4405a036d3b62425ad4b4ba-1-1-1-1-1-1.jpg 950w, https:\/\/ecpat.be\/wp-content\/uploads\/2019\/11\/105_SHR_Brussels_ext_4405a036d3b62425ad4b4ba-1-1-1-1-1-1-300x183.jpg 300w, https:\/\/ecpat.be\/wp-content\/uploads\/2019\/11\/105_SHR_Brussels_ext_4405a036d3b62425ad4b4ba-1-1-1-1-1-1-768x467.jpg 768w, https:\/\/ecpat.be\/wp-content\/uploads\/2019\/11\/105_SHR_Brussels_ext_4405a036d3b62425ad4b4ba-1-1-1-1-1-1-705x429.jpg 705w\" sizes=\"(max-width: 950px) 100vw, 950px\" \/><\/div><\/div><\/div>\n<\/div><\/div>\n<style type=\"text\/css\" data-created_by=\"avia_inline_auto\" id=\"style-css-av-1xpzj97-48362bea1d7082ca06717a87b5fea209\">\n.flex_cell.av-1xpzj97-48362bea1d7082ca06717a87b5fea209{\nvertical-align:middle;\nbackground-color:#ffffff;\n}\n.responsive #top #wrap_all .flex_cell.av-1xpzj97-48362bea1d7082ca06717a87b5fea209{\npadding:50px 50px 50px 50px !important;\n}\n<\/style>\n<div class='flex_cell av-1xpzj97-48362bea1d7082ca06717a87b5fea209 av-gridrow-cell av_one_half no_margin  avia-builder-el-7  el_after_av_cell_one_half  avia-builder-el-last ' ><div class='flex_cell_inner'><section  class='av_textblock_section av-k2gh9axr-90782f27e8b12749dc7a1e9bb68fe07f '   itemscope=\"itemscope\" itemtype=\"https:\/\/schema.org\/CreativeWork\" ><div class='avia_textblock'  itemprop=\"text\" ><h3>Opleiding voor professionals en studenten<\/h3>\n<p>ECPAT Belgi\u00eb leidt zowel professionals uit de toeristische sector als studenten &#8211; toekomstige professionals &#8211; op in kwesties van seksuele uitbuiting van kinderen op het gebied van reizen en toerisme.<\/p>\n<p><strong>Zo heeft ECPAT Belgi\u00eb het personeel van de ACCOR-hotels (Ibis, Pullman, Sofitel, Novotel) en het prestigieuze Brusselse hotel Steigenberger Wiltcher&#8217;s opgeleid<\/strong>, zodat werknemers vermoedde situaties van seksuele uitbuiting van kinderen of gedwongen prostitutie kunnen opsporen en erop kunnen reageren. De training was gericht op <strong>concrete en participatieve activiteiten<\/strong>, zoals rollenspellen, om de reflexen van de deelnemers zo goed mogelijk te verankeren.<\/p>\n<\/div><\/section>\n<\/div><\/div><\/div><div id='av-layout-grid-2'  class='av-layout-grid-container av-60d8e3-6ac7a4ac8d5290643f68e00c3ffb3116 entry-content-wrapper main_color av-flex-cells  avia-builder-el-9  el_after_av_layout_row  el_before_av_layout_row  grid-row-not-first  container_wrap fullsize'  >\n\n<style type=\"text\/css\" data-created_by=\"avia_inline_auto\" id=\"style-css-av-1akvogr-637a7b3cb23c1a7e93f0fcb9b2968662\">\n.flex_cell.av-1akvogr-637a7b3cb23c1a7e93f0fcb9b2968662{\nvertical-align:middle;\n}\n.responsive #top #wrap_all .flex_cell.av-1akvogr-637a7b3cb23c1a7e93f0fcb9b2968662{\npadding:0px 0px 0px 0px !important;\n}\n<\/style>\n<div class='flex_cell av-1akvogr-637a7b3cb23c1a7e93f0fcb9b2968662 av-gridrow-cell av_one_half no_margin  avia-builder-el-10  el_before_av_cell_one_half  avia-builder-el-first  av-zero-padding' ><div class='flex_cell_inner'><section  class='av_textblock_section av-k2gheju3-061d2ec6edbe8a3bacdfe83541f84323 '   itemscope=\"itemscope\" itemtype=\"https:\/\/schema.org\/CreativeWork\" ><div class='avia_textblock'  itemprop=\"text\" ><h3 style=\"padding-left: 40px;\">Vakantiebeurzen<\/h3>\n<p style=\"padding-left: 40px;\">ECPAT Belgi\u00eb <strong>gaat naar vakantiebeurzen om de bewustwording te verhogen niet alleen bij reizigers maar ook en vooral bij de professionals die normaal gesproken niet zouden worden ontmoet tijdens de opleiding.<\/strong><\/p>\n<p style=\"padding-left: 40px;\">Zo hadden wij bijvoorbeeld een stand op het Brusselse vakantiesalon of op de beurs Vert Bleu Soleil in Luik. Gedurende vier dagen worden enkele honderden bezoekers ge\u00efnformeerd over het bestaan van de website &#8220;Ik zeg STOP! &#8220;en ECPAT. <strong>Bij deze gelegenheid vertelden verschillende reizigers ons dat ze zich zorgen maakten over bepaalde situaties in het buitenland.<\/strong> ECPAT Belgi\u00eb richtte zich ook tot een dertigtal toeristische operatoren (hotels, campings, touroperators, reisbureaus).<\/p>\n<\/div><\/section>\n<\/div><\/div>\n<style type=\"text\/css\" data-created_by=\"avia_inline_auto\" id=\"style-css-av-ldy2nv-af8e5eb766d637585f3490a590b5462d\">\n.flex_cell.av-ldy2nv-af8e5eb766d637585f3490a590b5462d{\nvertical-align:middle;\nbackground-color:#ffffff;\n}\n.responsive #top #wrap_all .flex_cell.av-ldy2nv-af8e5eb766d637585f3490a590b5462d{\npadding:50px 50px 50px 50px !important;\n}\n<\/style>\n<div class='flex_cell av-ldy2nv-af8e5eb766d637585f3490a590b5462d av-gridrow-cell av_one_half no_margin  avia-builder-el-12  el_after_av_cell_one_half  avia-builder-el-last ' ><div class='flex_cell_inner'>\n<style type=\"text\/css\" data-created_by=\"avia_inline_auto\" id=\"style-css-av-k2ghhtjs-28a72d819e460afe3772131c58a54c99\">\n.avia-image-container.av-k2ghhtjs-28a72d819e460afe3772131c58a54c99 img.avia_image{\nbox-shadow:none;\n}\n.avia-image-container.av-k2ghhtjs-28a72d819e460afe3772131c58a54c99 .av-image-caption-overlay-center{\ncolor:#ffffff;\n}\n<\/style>\n<div  class='avia-image-container av-k2ghhtjs-28a72d819e460afe3772131c58a54c99 av-styling-no-styling av-hover-grow avia-align-center  avia-builder-el-13  avia-builder-el-no-sibling '   itemprop=\"image\" itemscope=\"itemscope\" itemtype=\"https:\/\/schema.org\/ImageObject\" ><div class=\"avia-image-container-inner\"><div class=\"avia-image-overlay-wrap\"><img decoding=\"async\" class='wp-image-14549 avia-img-lazy-loading-not-14549 avia_image ' src=\"https:\/\/ecpat.be\/wp-content\/uploads\/2019\/11\/yousef-alfuhigi-bMIlyKZHKMY-unsplash-1.jpg\" alt='Salons tourisme' title='yousef-alfuhigi-bMIlyKZHKMY-unsplash'  height=\"972\" width=\"1023\"  itemprop=\"thumbnailUrl\" srcset=\"https:\/\/ecpat.be\/wp-content\/uploads\/2019\/11\/yousef-alfuhigi-bMIlyKZHKMY-unsplash-1.jpg 1023w, https:\/\/ecpat.be\/wp-content\/uploads\/2019\/11\/yousef-alfuhigi-bMIlyKZHKMY-unsplash-1-300x285.jpg 300w, https:\/\/ecpat.be\/wp-content\/uploads\/2019\/11\/yousef-alfuhigi-bMIlyKZHKMY-unsplash-1-768x730.jpg 768w, https:\/\/ecpat.be\/wp-content\/uploads\/2019\/11\/yousef-alfuhigi-bMIlyKZHKMY-unsplash-1-705x670.jpg 705w\" sizes=\"(max-width: 1023px) 100vw, 1023px\" \/><\/div><\/div><\/div>\n<\/div><\/div><\/div><div id='av-layout-grid-3'  class='av-layout-grid-container av-5vmyae3-c3ac73a70961358d960cf63afdc5244b entry-content-wrapper main_color av-flex-cells  avia-builder-el-14  el_after_av_layout_row  el_before_av_layout_row  grid-row-not-first  container_wrap fullsize'  >\n\n<style type=\"text\/css\" data-created_by=\"avia_inline_auto\" id=\"style-css-av-ig9msb-673f1cf9d90fbe9bf1c108cbc76f8eb6\">\n.flex_cell.av-ig9msb-673f1cf9d90fbe9bf1c108cbc76f8eb6{\nvertical-align:middle;\n}\n.responsive #top #wrap_all .flex_cell.av-ig9msb-673f1cf9d90fbe9bf1c108cbc76f8eb6{\npadding:0px 0px 0px 0px !important;\n}\n<\/style>\n<div class='flex_cell av-ig9msb-673f1cf9d90fbe9bf1c108cbc76f8eb6 av-gridrow-cell av_one_half no_margin  avia-builder-el-15  el_before_av_cell_one_half  avia-builder-el-first  av-zero-padding' ><div class='flex_cell_inner'>\n<style type=\"text\/css\" data-created_by=\"avia_inline_auto\" id=\"style-css-av-k2ggzo0f-3b5e098711ba20d9c9296eb600106d25\">\n.avia-image-container.av-k2ggzo0f-3b5e098711ba20d9c9296eb600106d25 img.avia_image{\nbox-shadow:none;\n}\n.avia-image-container.av-k2ggzo0f-3b5e098711ba20d9c9296eb600106d25 .av-image-caption-overlay-center{\ncolor:#ffffff;\n}\n<\/style>\n<div  class='avia-image-container av-k2ggzo0f-3b5e098711ba20d9c9296eb600106d25 av-styling-no-styling av-hover-grow avia-align-center  avia-builder-el-16  avia-builder-el-no-sibling '   itemprop=\"image\" itemscope=\"itemscope\" itemtype=\"https:\/\/schema.org\/ImageObject\" ><div class=\"avia-image-container-inner\"><div class=\"avia-image-overlay-wrap\"><img decoding=\"async\" class='wp-image-13644 avia-img-lazy-loading-not-13644 avia_image ' src=\"https:\/\/ecpat.be\/wp-content\/uploads\/2018\/03\/the-code-LOGO-3.jpg\" alt='The Code' title='the-code-LOGO-3'  height=\"331\" width=\"330\"  itemprop=\"thumbnailUrl\" srcset=\"https:\/\/ecpat.be\/wp-content\/uploads\/2018\/03\/the-code-LOGO-3.jpg 330w, https:\/\/ecpat.be\/wp-content\/uploads\/2018\/03\/the-code-LOGO-3-80x80.jpg 80w, https:\/\/ecpat.be\/wp-content\/uploads\/2018\/03\/the-code-LOGO-3-300x300.jpg 300w, https:\/\/ecpat.be\/wp-content\/uploads\/2018\/03\/the-code-LOGO-3-36x36.jpg 36w, https:\/\/ecpat.be\/wp-content\/uploads\/2018\/03\/the-code-LOGO-3-180x180.jpg 180w, https:\/\/ecpat.be\/wp-content\/uploads\/2018\/03\/the-code-LOGO-3-120x120.jpg 120w\" sizes=\"(max-width: 330px) 100vw, 330px\" \/><\/div><\/div><\/div>\n<\/div><\/div>\n<style type=\"text\/css\" data-created_by=\"avia_inline_auto\" id=\"style-css-av-4tesyqj-97286b5d44089b43d0eed6965d7b6632\">\n.flex_cell.av-4tesyqj-97286b5d44089b43d0eed6965d7b6632{\nvertical-align:middle;\nbackground-color:#ffffff;\n}\n.responsive #top #wrap_all .flex_cell.av-4tesyqj-97286b5d44089b43d0eed6965d7b6632{\npadding:50px 50px 50px 50px !important;\n}\n<\/style>\n<div class='flex_cell av-4tesyqj-97286b5d44089b43d0eed6965d7b6632 av-gridrow-cell av_one_half no_margin  avia-builder-el-17  el_after_av_cell_one_half  avia-builder-el-last ' ><div class='flex_cell_inner'><section  class='av_textblock_section av-k2ggz6ud-8bdb6532d5646b86158692291bedf728 '   itemscope=\"itemscope\" itemtype=\"https:\/\/schema.org\/CreativeWork\" ><div class='avia_textblock'  itemprop=\"text\" ><h3>The Code<\/h3>\n<p>Toeristische infrastructuren worden gebruikt om seksueel misbruik te plegen in bepaalde omstandigheden. Daarom moet de toeristische sector zich expliciet engageren tegen de seksuele uitbuiting van kinderen.<\/p>\n<p>Sinds 1998 verenigt de \u00ab\u00a0<a href=\"http:\/\/www.thecode.org\/\"><b>Gedragscode voor de bescherming van kinderen tegen seksuele uitbuiting in de toerisme- en de reisindustrie\u00a0<\/b><\/a>\u00a0\u00bb wereldwijd\u00a0<a href=\"http:\/\/www.thecode.org\/who-have-signed\/intro\/\">honderden<\/a>\u00a0bedrijven.<\/p>\n<p>Als\u00a0<b>lokale vertegenwoordiger van de Code\u00a0<\/b>zorgt ECPAT Belgi\u00eb ervoor dat de Belgische ondergetekende de zes criteria van de Code naleven, namelijk:<\/p>\n<ol>\n<li>Een beleid en procedures ter bescherming van kinderen tegen seksuele uitbuiting opstellen.<\/li>\n<li>Medewerkers trainen met betrekking tot kinderrechten, de bescherming van kinderen tegen seksuele uitbuiting en vermoedens hiervan melden.<\/li>\n<li>Een clausule opnemen in contracten met zakenpartners in de gehele keten als standpunt tegen de seksuele uitbuiting van kinderen en een nultolerantiebeleid hierin.<\/li>\n<li>Reizigers informeren over kinderrechten, over hoe kinderen tegen seksuele uitbuiting beschermen en vermoedens hiervan melden.<\/li>\n<li>De stakeholders steunen, met hen samenwerken en hen betrekken bij de bescherming van kinderen tegen seksuele uitbuiting.<\/li>\n<li>Jaarlijks verslag uitbrengen over de genomen maatregelen die betrekking hebben op de Code.<\/li>\n<\/ol>\n<p>ECPAT Belgi\u00eb organiseert in deze context\u00a0<a href=\"https:\/\/ecpat.be\/wp-content\/uploads\/2018\/03\/TrainingEnglish.pdf\" target=\"_blank\" rel=\"noopener noreferrer\">opleidingen\u00a0<\/a>\u00a0die op aanvraag beschikbaar zijn.<\/p>\n<\/div><\/section>\n<\/div><\/div><\/div><div id='av-layout-grid-4'  class='av-layout-grid-container av-4cmspiz-83d5aad1a4f1d7410b6a29e85b8127ab entry-content-wrapper main_color av-flex-cells  avia-builder-el-19  el_after_av_layout_row  avia-builder-el-last  grid-row-not-first  container_wrap fullsize'  >\n\n<style type=\"text\/css\" data-created_by=\"avia_inline_auto\" id=\"style-css-av-3vwmwaj-bef81153ddc8fd1f750d46118e779f8f\">\n.flex_cell.av-3vwmwaj-bef81153ddc8fd1f750d46118e779f8f{\nvertical-align:middle;\n}\n.responsive #top #wrap_all .flex_cell.av-3vwmwaj-bef81153ddc8fd1f750d46118e779f8f{\npadding:0px 0px 0px 0px !important;\n}\n<\/style>\n<div class='flex_cell av-3vwmwaj-bef81153ddc8fd1f750d46118e779f8f av-gridrow-cell av_one_half no_margin  avia-builder-el-20  el_before_av_cell_one_half  avia-builder-el-first  av-zero-padding' ><div class='flex_cell_inner'><section  class='av_textblock_section av-k2gh166h-a3556c1f99295c6e2028c4997ba4d6d5 '   itemscope=\"itemscope\" itemtype=\"https:\/\/schema.org\/CreativeWork\" ><div class='avia_textblock'  itemprop=\"text\" ><h3 style=\"padding-left: 40px;\">Don\u2019t Look Away<\/h3>\n<p style=\"padding-left: 40px;\">\u00ab Don\u2019t Look Away \u00bb is een\u00a0<a href=\"http:\/\/www.reportchildsextourism.eu\/?lang=en\" rel=\"noopener noreferrer\">Europees meldingsplatform<\/a> \u00a0dat nationale meldingslijnen zoals \u00ab\u00a0Ik zeg STOP!\u00a0\u00bb samenbrengt.<\/p>\n<p style=\"padding-left: 40px;\">Het is ook een\u00a0<b>campagne tegen de seksuele uitbuiting van kinderen, vooral tijdens grote sportevenementen<\/b>. Inderdaad, deze evenementen trekken een groot aantal reizigers aan, wat het risico op seksuele uitbuiting van kinderen verhoogt. Het is dus belangrijk om aan preventie te doen en reizigers aan te moedigen om elke verdachte situatie onmiddellijk te melden.<\/p>\n<p style=\"padding-left: 40px;\">Tijdens het Wereldkampioenschap Voetbal in Brazili\u00eb (2014) steunden de voetballers Kak\u00e1 en Juninho deze campagne.<\/p>\n<p style=\"padding-left: 40px;\">\u00ab Don\u2019t Look Away \u00bb richt zich ook tot\u00a0<b>professionals uit de toeristische sector\u00a0<\/b>via de tool\u00a0<a href=\"http:\/\/www.ecpat-serious-game.eu\/nl.html\" rel=\"noopener noreferrer\">Serious\u00a0Game<\/a>. Dit is een opleidingstool die via concrete cases iedereen uitnodigt om zijn reacties te testen op mogelijke situaties van seksueel misbruik van kinderen. En jij, hoe zou jij reageren?<\/p>\n<p style=\"padding-left: 40px;\">Ten slotte is \u00ab Don\u2019t Look Away \u00bb ook een\u00a0<b>internationaal consortium\u00a0<\/b>van partners uit verschillende sectoren die in verschillende landen actief zijn, zoals in Zuid-Afrika, Duitsland, Oostenrijk, Belgi\u00eb, Brazili\u00eb, Bulgarije, Spanje, Frankrijk, Gambia, Itali\u00eb, Kenia, Luxemburg, Madagaskar, Nederland, Polen, Tsjechi\u00eb, Roemeni\u00eb, het Verenigd Koninkrijk, Oekra\u00efne, Senegal en Zwitserland.<\/p>\n<\/div><\/section>\n<\/div><\/div>\n<style type=\"text\/css\" data-created_by=\"avia_inline_auto\" id=\"style-css-av-3cb6dln-fa33cd9ef4a7e893b633dd0b237eccfb\">\n.flex_cell.av-3cb6dln-fa33cd9ef4a7e893b633dd0b237eccfb{\nvertical-align:middle;\nbackground-color:#ffffff;\n}\n.responsive #top #wrap_all .flex_cell.av-3cb6dln-fa33cd9ef4a7e893b633dd0b237eccfb{\npadding:50px 50px 50px 50px !important;\n}\n<\/style>\n<div class='flex_cell av-3cb6dln-fa33cd9ef4a7e893b633dd0b237eccfb av-gridrow-cell av_one_half no_margin  avia-builder-el-22  el_after_av_cell_one_half  avia-builder-el-last ' ><div class='flex_cell_inner'>\n<style type=\"text\/css\" data-created_by=\"avia_inline_auto\" id=\"style-css-av-k2gh29zw-df0410e4fde9f22a4e6f77244c74eef6\">\n.avia-image-container.av-k2gh29zw-df0410e4fde9f22a4e6f77244c74eef6 img.avia_image{\nbox-shadow:none;\n}\n.avia-image-container.av-k2gh29zw-df0410e4fde9f22a4e6f77244c74eef6 .av-image-caption-overlay-center{\ncolor:#ffffff;\n}\n<\/style>\n<div  class='avia-image-container av-k2gh29zw-df0410e4fde9f22a4e6f77244c74eef6 av-styling-no-styling av-hover-grow avia-align-center  avia-builder-el-23  avia-builder-el-no-sibling '   itemprop=\"image\" itemscope=\"itemscope\" itemtype=\"https:\/\/schema.org\/ImageObject\" ><div class=\"avia-image-container-inner\"><div class=\"avia-image-overlay-wrap\"><img decoding=\"async\" class='wp-image-14537 avia-img-lazy-loading-not-14537 avia_image ' src=\"https:\/\/ecpat.be\/wp-content\/uploads\/2019\/11\/Capture-d\u2019e\u0301cran-2018-02-15-a\u0300-17.45.08.png\" alt='Don&#039;t look aw' title='Capture d\u2019e\u0301cran 2018-02-15 a\u0300 17.45.08'  height=\"679\" width=\"958\"  itemprop=\"thumbnailUrl\" srcset=\"https:\/\/ecpat.be\/wp-content\/uploads\/2019\/11\/Capture-d\u2019e\u0301cran-2018-02-15-a\u0300-17.45.08.png 958w, https:\/\/ecpat.be\/wp-content\/uploads\/2019\/11\/Capture-d\u2019e\u0301cran-2018-02-15-a\u0300-17.45.08-300x213.png 300w, https:\/\/ecpat.be\/wp-content\/uploads\/2019\/11\/Capture-d\u2019e\u0301cran-2018-02-15-a\u0300-17.45.08-768x544.png 768w, https:\/\/ecpat.be\/wp-content\/uploads\/2019\/11\/Capture-d\u2019e\u0301cran-2018-02-15-a\u0300-17.45.08-260x185.png 260w, https:\/\/ecpat.be\/wp-content\/uploads\/2019\/11\/Capture-d\u2019e\u0301cran-2018-02-15-a\u0300-17.45.08-705x500.png 705w\" sizes=\"(max-width: 958px) 100vw, 958px\" \/><\/div><\/div><\/div>\n<\/div><\/div>\n<\/div><\/p>\n","protected":false},"excerpt":{"rendered":"","protected":false},"author":3,"featured_media":0,"parent":0,"menu_order":0,"comment_status":"closed","ping_status":"closed","template":"","meta":{"_exactmetrics_skip_tracking":false,"_exactmetrics_sitenote_active":false,"_exactmetrics_sitenote_note":"","_exactmetrics_sitenote_category":0},"yoast_head":"<!-- This site is optimized with the Yoast SEO plugin v20.9 - https:\/\/yoast.com\/wordpress\/plugins\/seo\/ -->\n<title>De toeristische sector - ECPAT<\/title>\n<meta name=\"robots\" content=\"index, follow, max-snippet:-1, max-image-preview:large, max-video-preview:-1\" \/>\n<link rel=\"canonical\" href=\"https:\/\/ecpat.be\/nl\/detoeristischesector\/\" \/>\n<meta property=\"og:locale\" content=\"nl_NL\" \/>\n<meta property=\"og:type\" content=\"article\" \/>\n<meta property=\"og:title\" content=\"De toeristische sector - ECPAT\" \/>\n<meta property=\"og:url\" content=\"https:\/\/ecpat.be\/nl\/detoeristischesector\/\" \/>\n<meta property=\"og:site_name\" content=\"ECPAT\" \/>\n<meta property=\"article:modified_time\" content=\"2021-10-21T12:40:10+00:00\" \/>\n<meta name=\"twitter:card\" content=\"summary_large_image\" \/>\n<meta name=\"twitter:label1\" content=\"Geschatte leestijd\" \/>\n\t<meta name=\"twitter:data1\" content=\"5 minuten\" \/>\n<script type=\"application\/ld+json\" class=\"yoast-schema-graph\">{\"@context\":\"https:\/\/schema.org\",\"@graph\":[{\"@type\":\"WebPage\",\"@id\":\"https:\/\/ecpat.be\/nl\/detoeristischesector\/\",\"url\":\"https:\/\/ecpat.be\/nl\/detoeristischesector\/\",\"name\":\"De toeristische sector - ECPAT\",\"isPartOf\":{\"@id\":\"https:\/\/ecpat.be\/#website\"},\"datePublished\":\"2019-11-19T21:22:19+00:00\",\"dateModified\":\"2021-10-21T12:40:10+00:00\",\"breadcrumb\":{\"@id\":\"https:\/\/ecpat.be\/nl\/detoeristischesector\/#breadcrumb\"},\"inLanguage\":\"nl-NL\",\"potentialAction\":[{\"@type\":\"ReadAction\",\"target\":[\"https:\/\/ecpat.be\/nl\/detoeristischesector\/\"]}]},{\"@type\":\"BreadcrumbList\",\"@id\":\"https:\/\/ecpat.be\/nl\/detoeristischesector\/#breadcrumb\",\"itemListElement\":[{\"@type\":\"ListItem\",\"position\":1,\"name\":\"Home\",\"item\":\"https:\/\/ecpat.be\/nl\/\"},{\"@type\":\"ListItem\",\"position\":2,\"name\":\"De toeristische sector\"}]},{\"@type\":\"WebSite\",\"@id\":\"https:\/\/ecpat.be\/#website\",\"url\":\"https:\/\/ecpat.be\/\",\"name\":\"ECPAT\",\"description\":\"STOP commerci\u00eble seksuele uitbuiting van kinderen\",\"potentialAction\":[{\"@type\":\"SearchAction\",\"target\":{\"@type\":\"EntryPoint\",\"urlTemplate\":\"https:\/\/ecpat.be\/?s={search_term_string}\"},\"query-input\":\"required name=search_term_string\"}],\"inLanguage\":\"nl-NL\"}]}<\/script>\n<!-- \/ Yoast SEO plugin. -->","yoast_head_json":{"title":"De toeristische sector - ECPAT","robots":{"index":"index","follow":"follow","max-snippet":"max-snippet:-1","max-image-preview":"max-image-preview:large","max-video-preview":"max-video-preview:-1"},"canonical":"https:\/\/ecpat.be\/nl\/detoeristischesector\/","og_locale":"nl_NL","og_type":"article","og_title":"De toeristische sector - ECPAT","og_url":"https:\/\/ecpat.be\/nl\/detoeristischesector\/","og_site_name":"ECPAT","article_modified_time":"2021-10-21T12:40:10+00:00","twitter_card":"summary_large_image","twitter_misc":{"Geschatte leestijd":"5 minuten"},"schema":{"@context":"https:\/\/schema.org","@graph":[{"@type":"WebPage","@id":"https:\/\/ecpat.be\/nl\/detoeristischesector\/","url":"https:\/\/ecpat.be\/nl\/detoeristischesector\/","name":"De toeristische sector - ECPAT","isPartOf":{"@id":"https:\/\/ecpat.be\/#website"},"datePublished":"2019-11-19T21:22:19+00:00","dateModified":"2021-10-21T12:40:10+00:00","breadcrumb":{"@id":"https:\/\/ecpat.be\/nl\/detoeristischesector\/#breadcrumb"},"inLanguage":"nl-NL","potentialAction":[{"@type":"ReadAction","target":["https:\/\/ecpat.be\/nl\/detoeristischesector\/"]}]},{"@type":"BreadcrumbList","@id":"https:\/\/ecpat.be\/nl\/detoeristischesector\/#breadcrumb","itemListElement":[{"@type":"ListItem","position":1,"name":"Home","item":"https:\/\/ecpat.be\/nl\/"},{"@type":"ListItem","position":2,"name":"De toeristische sector"}]},{"@type":"WebSite","@id":"https:\/\/ecpat.be\/#website","url":"https:\/\/ecpat.be\/","name":"ECPAT","description":"STOP commerci\u00eble seksuele uitbuiting van kinderen","potentialAction":[{"@type":"SearchAction","target":{"@type":"EntryPoint","urlTemplate":"https:\/\/ecpat.be\/?s={search_term_string}"},"query-input":"required name=search_term_string"}],"inLanguage":"nl-NL"}]}},"_links":{"self":[{"href":"https:\/\/ecpat.be\/nl\/wp-json\/wp\/v2\/pages\/14938\/"}],"collection":[{"href":"https:\/\/ecpat.be\/nl\/wp-json\/wp\/v2\/pages\/"}],"about":[{"href":"https:\/\/ecpat.be\/nl\/wp-json\/wp\/v2\/types\/page\/"}],"author":[{"embeddable":true,"href":"https:\/\/ecpat.be\/nl\/wp-json\/wp\/v2\/users\/3\/"}],"replies":[{"embeddable":true,"href":"https:\/\/ecpat.be\/nl\/wp-json\/wp\/v2\/comments\/?post=14938"}],"version-history":[{"count":3,"href":"https:\/\/ecpat.be\/nl\/wp-json\/wp\/v2\/pages\/14938\/revisions\/"}],"predecessor-version":[{"id":16131,"href":"https:\/\/ecpat.be\/nl\/wp-json\/wp\/v2\/pages\/14938\/revisions\/16131\/"}],"wp:attachment":[{"href":"https:\/\/ecpat.be\/nl\/wp-json\/wp\/v2\/media\/?parent=14938"}],"curies":[{"name":"wp","href":"https:\/\/api.w.org\/{rel}","templated":true}]}}