{"id":14949,"date":"2019-11-19T22:45:12","date_gmt":"2019-11-19T21:45:12","guid":{"rendered":"https:\/\/ecpat.be\/?page_id=14949"},"modified":"2021-10-22T15:57:34","modified_gmt":"2021-10-22T13:57:34","slug":"pleidooi","status":"publish","type":"page","link":"https:\/\/ecpat.be\/nl\/pleidooi\/","title":{"rendered":"Pleidooi"},"content":{"rendered":"<p>\n<style type=\"text\/css\" data-created_by=\"avia_inline_auto\" id=\"style-css-av-k2hutvgq-2def53262609b78dcb118665e1075d8e\">\n#top .hr.hr-invisible.av-k2hutvgq-2def53262609b78dcb118665e1075d8e{\nheight:50px;\n}\n<\/style>\n<div  class='hr av-k2hutvgq-2def53262609b78dcb118665e1075d8e hr-invisible  avia-builder-el-0  el_before_av_textblock  avia-builder-el-first '><span class='hr-inner '><span class=\"hr-inner-style\"><\/span><\/span><\/div><br \/>\n<section  class='av_textblock_section av-k2huugxy-32e4e8e89c006785a6da67275bad320b '   itemscope=\"itemscope\" itemtype=\"https:\/\/schema.org\/CreativeWork\" ><div class='avia_textblock'  itemprop=\"text\" ><h1 style=\"text-align: center;\">Pleidooi<\/h1>\n<\/div><\/section><\/p>\n<p>\n<style type=\"text\/css\" data-created_by=\"avia_inline_auto\" id=\"style-css-av-k2hutvgq-2def53262609b78dcb118665e1075d8e\">\n#top .hr.hr-invisible.av-k2hutvgq-2def53262609b78dcb118665e1075d8e{\nheight:50px;\n}\n<\/style>\n<div  class='hr av-k2hutvgq-2def53262609b78dcb118665e1075d8e hr-invisible  avia-builder-el-2  el_after_av_textblock  el_before_av_layout_row  avia-builder-el-last '><span class='hr-inner '><span class=\"hr-inner-style\"><\/span><\/span><\/div><br \/>\n<\/div><\/div><\/div><!-- close content main div --><\/div><\/div><div id='av-layout-grid-1'  class='av-layout-grid-container av-4hbl3oz-0c5ca2efb5224693d49456cefe8ed653 entry-content-wrapper main_color av-flex-cells  avia-builder-el-3  el_after_av_hr  el_before_av_layout_row  grid-row-not-first  container_wrap fullsize'  >\n\n<style type=\"text\/css\" data-created_by=\"avia_inline_auto\" id=\"style-css-av-e3qs0j-e489415af0b19cd093f13e175baffde6\">\n.flex_cell.av-e3qs0j-e489415af0b19cd093f13e175baffde6{\nvertical-align:middle;\nbackground-color:#ffffff;\n}\n.responsive #top #wrap_all .flex_cell.av-e3qs0j-e489415af0b19cd093f13e175baffde6{\npadding:50px 50px 50px 50px !important;\n}\n<\/style>\n<div class='flex_cell av-e3qs0j-e489415af0b19cd093f13e175baffde6 av-gridrow-cell av_one_half no_margin  avia-builder-el-4  el_before_av_cell_one_half  avia-builder-el-first ' ><div class='flex_cell_inner'><section  class='av_textblock_section av-k2hut0pr-86f89bbad6a4b6e4df31a68a57111828 '   itemscope=\"itemscope\" itemtype=\"https:\/\/schema.org\/CreativeWork\" ><div class='avia_textblock'  itemprop=\"text\" ><h3>BELGISCH PLEIDOOI<\/h3>\n<p>ECPAT Belgi\u00eb deelt regelmatig zijn expertise op verschillende evenementen in Belgi\u00eb. ECPAT Belgi\u00eb was aanwezig <strong>in het Franstalige Brusselse Parlement om de parlementsleden te waarschuwen voor kinderhandel in Belgi\u00eb<\/strong>. In de ochtend werden de ervaringen van professionals uit het veld meegedeeld: politieagenten, magistraten, opvangcentra voor (minderjarige) slachtoffers van mensenhandel, nationale rapporteur voor mensenhandel, &#8230; Allemaal komen ze tot dezelfde conclusie: het is hoognodig dat de opsporing en bescherming van de slachtoffers verbeterd wordt. <strong>De parlementsleden zijn vastbesloten om de concrete aanbevelingen van de sprekers uit te voeren.<\/strong><\/p>\n<p><strong>ECPAT Belgi\u00eb is ook lid van verschillende nationale coalities:<\/strong> Co\u00f6rdinatie van NGO&#8217;s voor de rechten van het kind, Kinderrechtencoalitie en Plateforme Droits de l&#8217;Enfant dans la Coop\u00e9ration au D\u00e9veloppement.<\/p>\n<\/div><\/section>\n<\/div><\/div>\n<style type=\"text\/css\" data-created_by=\"avia_inline_auto\" id=\"style-css-av-3dip637-defe76550cd7c0953771cde534022975\">\n.flex_cell.av-3dip637-defe76550cd7c0953771cde534022975{\nvertical-align:middle;\n}\n.responsive #top #wrap_all .flex_cell.av-3dip637-defe76550cd7c0953771cde534022975{\npadding:0px 0px 0px 0px !important;\n}\n<\/style>\n<div class='flex_cell av-3dip637-defe76550cd7c0953771cde534022975 av-gridrow-cell av_one_half no_margin  avia-builder-el-6  el_after_av_cell_one_half  avia-builder-el-last  av-zero-padding' ><div class='flex_cell_inner'>\n<style type=\"text\/css\" data-created_by=\"avia_inline_auto\" id=\"style-css-av-k2hvardq-e1e5a16b24573d1f43b7662dbe4b639e\">\n.avia-image-container.av-k2hvardq-e1e5a16b24573d1f43b7662dbe4b639e img.avia_image{\nbox-shadow:none;\n}\n.avia-image-container.av-k2hvardq-e1e5a16b24573d1f43b7662dbe4b639e .av-image-caption-overlay-center{\ncolor:#ffffff;\n}\n<\/style>\n<div  class='avia-image-container av-k2hvardq-e1e5a16b24573d1f43b7662dbe4b639e av-styling-no-styling av-hover-grow avia-align-center  avia-builder-el-7  avia-builder-el-no-sibling '   itemprop=\"image\" itemscope=\"itemscope\" itemtype=\"https:\/\/schema.org\/ImageObject\" ><div class=\"avia-image-container-inner\"><div class=\"avia-image-overlay-wrap\"><img decoding=\"async\" class='wp-image-14692 avia-img-lazy-loading-not-14692 avia_image ' src=\"https:\/\/ecpat.be\/wp-content\/uploads\/2019\/11\/Jeudi-de-lhe\u0301micycle.png\" alt='Jeudi de l&#039;he\u0301micycle' title='Jeudi de l&#039;he\u0301micycle'  height=\"944\" width=\"1259\"  itemprop=\"thumbnailUrl\" srcset=\"https:\/\/ecpat.be\/wp-content\/uploads\/2019\/11\/Jeudi-de-lhe\u0301micycle.png 1259w, https:\/\/ecpat.be\/wp-content\/uploads\/2019\/11\/Jeudi-de-lhe\u0301micycle-300x225.png 300w, https:\/\/ecpat.be\/wp-content\/uploads\/2019\/11\/Jeudi-de-lhe\u0301micycle-768x576.png 768w, https:\/\/ecpat.be\/wp-content\/uploads\/2019\/11\/Jeudi-de-lhe\u0301micycle-1030x772.png 1030w, https:\/\/ecpat.be\/wp-content\/uploads\/2019\/11\/Jeudi-de-lhe\u0301micycle-705x529.png 705w\" sizes=\"(max-width: 1259px) 100vw, 1259px\" \/><\/div><\/div><\/div>\n<\/div><\/div><\/div><div id='av-layout-grid-2'  class='av-layout-grid-container av-2xtidir-88177e76a3ddb257475fb5b04c43857e entry-content-wrapper main_color av-flex-cells  avia-builder-el-8  el_after_av_layout_row  el_before_av_layout_row  grid-row-not-first  container_wrap fullsize'  >\n\n<style type=\"text\/css\" data-created_by=\"avia_inline_auto\" id=\"style-css-av-2g7fq9f-a79f53e03dfc70e4d13f6d0bc25f2953\">\n.flex_cell.av-2g7fq9f-a79f53e03dfc70e4d13f6d0bc25f2953{\nvertical-align:middle;\n}\n.responsive #top #wrap_all .flex_cell.av-2g7fq9f-a79f53e03dfc70e4d13f6d0bc25f2953{\npadding:0px 0px 0px 0px !important;\n}\n<\/style>\n<div class='flex_cell av-2g7fq9f-a79f53e03dfc70e4d13f6d0bc25f2953 av-gridrow-cell av_one_half no_margin  avia-builder-el-9  el_before_av_cell_one_half  avia-builder-el-first  av-zero-padding' ><div class='flex_cell_inner'>\n<style type=\"text\/css\" data-created_by=\"avia_inline_auto\" id=\"style-css-av-k2hve71l-c1365b7dad264e8a79f483555de55f32\">\n.avia-image-container.av-k2hve71l-c1365b7dad264e8a79f483555de55f32 img.avia_image{\nbox-shadow:none;\n}\n.avia-image-container.av-k2hve71l-c1365b7dad264e8a79f483555de55f32 .av-image-caption-overlay-center{\ncolor:#ffffff;\n}\n<\/style>\n<div  class='avia-image-container av-k2hve71l-c1365b7dad264e8a79f483555de55f32 av-styling-no-styling av-hover-grow avia-align-center  avia-builder-el-10  avia-builder-el-no-sibling '   itemprop=\"image\" itemscope=\"itemscope\" itemtype=\"https:\/\/schema.org\/ImageObject\" ><div class=\"avia-image-container-inner\"><div class=\"avia-image-overlay-wrap\"><img decoding=\"async\" class='wp-image-14506 avia-img-lazy-loading-not-14506 avia_image ' src=\"https:\/\/ecpat.be\/wp-content\/uploads\/2019\/11\/EuropeFlagCMYKcopie-1.jpg\" alt='UE' title='EuropeFlagCMYKcopie'  height=\"306\" width=\"465\"  itemprop=\"thumbnailUrl\" srcset=\"https:\/\/ecpat.be\/wp-content\/uploads\/2019\/11\/EuropeFlagCMYKcopie-1.jpg 465w, https:\/\/ecpat.be\/wp-content\/uploads\/2019\/11\/EuropeFlagCMYKcopie-1-300x197.jpg 300w\" sizes=\"(max-width: 465px) 100vw, 465px\" \/><\/div><\/div><\/div>\n<\/div><\/div>\n<style type=\"text\/css\" data-created_by=\"avia_inline_auto\" id=\"style-css-av-7camr7-86798021cc0dc4dbab39b2c9169d9c35\">\n.flex_cell.av-7camr7-86798021cc0dc4dbab39b2c9169d9c35{\nvertical-align:middle;\nbackground-color:#ffffff;\n}\n.responsive #top #wrap_all .flex_cell.av-7camr7-86798021cc0dc4dbab39b2c9169d9c35{\npadding:50px 50px 50px 50px !important;\n}\n<\/style>\n<div class='flex_cell av-7camr7-86798021cc0dc4dbab39b2c9169d9c35 av-gridrow-cell av_one_half no_margin  avia-builder-el-11  el_after_av_cell_one_half  avia-builder-el-last ' ><div class='flex_cell_inner'><section  class='av_textblock_section av-k2hutagg-96af72a3e0a2b012a82e4940b1a94ed0 '   itemscope=\"itemscope\" itemtype=\"https:\/\/schema.org\/CreativeWork\" ><div class='avia_textblock'  itemprop=\"text\" ><h3>EUROPESE PLEIDOOI<\/h3>\n<p><strong>Om het bewustzijn te verhogen en de bescherming van kinderen tegen seksuele uitbuiting in de Europese Unie te verbeteren, zet ECPAT Belgi\u00eb zich in voor verschillende projecten\u00a0en staat ECPAT International bij op Europees niveau.<\/strong><\/p>\n<p>Het\u00a0<a href=\"http:\/\/marioproject.org\/\" rel=\"noopener noreferrer\">Mario<\/a>-project,\u00a0geco\u00f6rdineerd door\u00a0<a href=\"http:\/\/tdh-europe.org\/\" rel=\"noopener noreferrer\">Terre des Hommes<\/a>, wil\u00a0migrerende kinderen van en in Europa beter beschermen tegen uitbuiting en mensenhandel. ECPAT Belgi\u00eb pleit hiervoor op Europees niveau, ze monitort en be\u00efnvloedt het Europese beleid met betrekking tot migrerende kinderen.<\/p>\n<p>Met \u00ab\u00a0Together against Sexual Exploitation of Children\u00a0\u00bb , een samenwerking tussen\u00a0<a href=\"http:\/\/missingchildreneurope.eu\/\" rel=\"noopener noreferrer\">Missing Children Europe<\/a>\u00a0en\u00a0<a href=\"http:\/\/www.enacso.eu\/\" rel=\"noopener noreferrer\">eNACSO<\/a>, heeft ECPAT Belgi\u00eb de uitvoering van de \u00ab\u00a0<a href=\"https:\/\/publications.europa.eu\/de\/publication-detail\/-\/publication\/d20901a4-66cd-439e-b15e-faeb92811424\/language-nl\" rel=\"noopener noreferrer\">Europese Richtlijn ter bevordering van de bestrijding tegen seksueel misbruik en seksuele uitbuiting van kinderen en kinderpornografie<\/a>\u00a0\u00bb in 27 lidstaten van de Europese Unie onderzocht. \u00a0De resultaten van de studie zijn beschikbaar in het rapport\u00a0<a href=\"http:\/\/ecpat.be\/wp-content\/uploads\/2016\/02\/A-survey-on-transposition-of-Directive-against-child-sexual-exploitation-and-abuse1.pdf\" target=\"_blank\" rel=\"noopener noreferrer\">\u00a0<b>\u00ab\u00a0Together Against Sexual Exploitation of Children\u00a0\u00bb.<\/b><\/a><\/p>\n<p>ECPAT Belgi\u00eb neemt ook regelmatig deel aan vergaderingen, overleg en andere Europese evenementen. We zijn ook lid van diverse Europese platformen, zoals de \u201cEU Civil Society Platform against Trafficking in Human Beings \u201c en het \u00a0\u201cInitiative for Children in Migration\u201d.<\/p>\n<\/div><\/section>\n<\/div><\/div>\n<\/div><br \/>\n<div id='av-layout-grid-3'  class='av-layout-grid-container av-1ptzrv7-9ecc521a61d4fa6093171bf7a547f667 entry-content-wrapper main_color av-flex-cells  avia-builder-el-13  el_after_av_layout_row  avia-builder-el-last  grid-row-not-first  container_wrap fullsize'  >\n\n<style type=\"text\/css\" data-created_by=\"avia_inline_auto\" id=\"style-css-av-12nzro3-22ee468708ad172d2ee27f5f5e26b65f\">\n.flex_cell.av-12nzro3-22ee468708ad172d2ee27f5f5e26b65f{\nvertical-align:middle;\nbackground-color:#ffffff;\n}\n.responsive #top #wrap_all .flex_cell.av-12nzro3-22ee468708ad172d2ee27f5f5e26b65f{\npadding:50px 50px 50px 50px !important;\n}\n<\/style>\n<div class='flex_cell av-12nzro3-22ee468708ad172d2ee27f5f5e26b65f av-gridrow-cell av_one_half no_margin  avia-builder-el-14  el_before_av_cell_one_half  avia-builder-el-first ' ><div class='flex_cell_inner'><section  class='av_textblock_section av-k2hutk16-fc0204851742c4e49ec2f40e75c29fc9 '   itemscope=\"itemscope\" itemtype=\"https:\/\/schema.org\/CreativeWork\" ><div class='avia_textblock'  itemprop=\"text\" ><h3>INTERNATIONAAL PLEIDOOI<\/h3>\n<p>Tussen 2010 en 2014 heeft ECPAT Belgi\u00eb onderzoeksprojecten, lobbyingprojecten\u00a0en bewustmakingscampagnes over de hele wereld gesteund, met name in Roemeni\u00eb, Colombia en Senegal.<\/p>\n<p><b>Het doel van het project \u00ab\u00a0<\/b><a href=\"http:\/\/acsis.ro\/en\/blog\/prevention-of-trafficking-in-women-and-children\/\" rel=\"noopener noreferrer\"><b>Preventing Trafficking in Women and Children<\/b><\/a><b>\u00a0\u00bb<\/b>\u00a0was dat de begunstigden van ACSIS (een\u00a0<b>Roemeense vereniging\u00a0<\/b>die met alleenstaande moeders werkt) zich beter bewust werden van de gevaren van mensenhandel via workshops, sensibiliseringscampagnes en handleidingen.<\/p>\n<p>Het\u00a0<b>project \u00ab\u00a0Golondrina\u00a0\u00bb<\/b>\u00a0begon met bewustmakingscampagnes in de\u00a0<b>Colombiaanse scholen\u00a0<\/b>(in Santafe, Candelaria en San Cristobal) om seksueel misbruik van kinderen te voorkomen. Door het succes van de campagne (2100 studenten en 380 leraren werden gesensibiliseerd), werd er ook bij de lokale overheden gelobbyd om de preventie van seksuele uitbuiting op te nemen in hun ontwikkelingsprogramma\u2019s.<\/p>\n<p>In samenwerking met de\u00a0<b>Senegalese NGO \u00ab\u00a0<\/b>Action, Jeunesse, Environnement\u00a0\u00bb heeft ECPAT Belgi\u00eb de seksuele uitbuiting van kinderen in Dakar in kaart gebracht. Ze gebruikte hiervoor een methode die kinderen centraal stelt in het onderzoeksproces (van gegevensverzameling tot ontwikkeling van concrete oplossingen via probleemidentificatie en data-analyse).<\/p>\n<\/div><\/section>\n<\/div><\/div>\n<style type=\"text\/css\" data-created_by=\"avia_inline_auto\" id=\"style-css-av-jk3jbn-b24138ad42d2f05fc3c92e9e33e8a575\">\n.flex_cell.av-jk3jbn-b24138ad42d2f05fc3c92e9e33e8a575{\nvertical-align:middle;\n}\n.responsive #top #wrap_all .flex_cell.av-jk3jbn-b24138ad42d2f05fc3c92e9e33e8a575{\npadding:0px 0px 0px 0px !important;\n}\n<\/style>\n<div class='flex_cell av-jk3jbn-b24138ad42d2f05fc3c92e9e33e8a575 av-gridrow-cell av_one_half no_margin  avia-builder-el-16  el_after_av_cell_one_half  avia-builder-el-last  av-zero-padding' ><div class='flex_cell_inner'>\n<style type=\"text\/css\" data-created_by=\"avia_inline_auto\" id=\"style-css-av-k2hvivo6-de75fb7503779ad7d36279962848b891\">\n.avia-image-container.av-k2hvivo6-de75fb7503779ad7d36279962848b891 img.avia_image{\nbox-shadow:none;\n}\n.avia-image-container.av-k2hvivo6-de75fb7503779ad7d36279962848b891 .av-image-caption-overlay-center{\ncolor:#ffffff;\n}\n<\/style>\n<div  class='avia-image-container av-k2hvivo6-de75fb7503779ad7d36279962848b891 av-styling-no-styling av-hover-grow avia-align-center  avia-builder-el-17  avia-builder-el-no-sibling '   itemprop=\"image\" itemscope=\"itemscope\" itemtype=\"https:\/\/schema.org\/ImageObject\" ><div class=\"avia-image-container-inner\"><div class=\"avia-image-overlay-wrap\"><img decoding=\"async\" class='wp-image-14695 avia-img-lazy-loading-not-14695 avia_image ' src=\"https:\/\/ecpat.be\/wp-content\/uploads\/2019\/11\/kyle-glenn-nXt5HtLmlgE-unsplash.jpg\" alt='Plaidoyer international' title='kyle-glenn-nXt5HtLmlgE-unsplash'  height=\"3840\" width=\"5760\"  itemprop=\"thumbnailUrl\" srcset=\"https:\/\/ecpat.be\/wp-content\/uploads\/2019\/11\/kyle-glenn-nXt5HtLmlgE-unsplash.jpg 5760w, https:\/\/ecpat.be\/wp-content\/uploads\/2019\/11\/kyle-glenn-nXt5HtLmlgE-unsplash-300x200.jpg 300w, https:\/\/ecpat.be\/wp-content\/uploads\/2019\/11\/kyle-glenn-nXt5HtLmlgE-unsplash-768x512.jpg 768w, https:\/\/ecpat.be\/wp-content\/uploads\/2019\/11\/kyle-glenn-nXt5HtLmlgE-unsplash-1030x687.jpg 1030w, https:\/\/ecpat.be\/wp-content\/uploads\/2019\/11\/kyle-glenn-nXt5HtLmlgE-unsplash-1500x1000.jpg 1500w, https:\/\/ecpat.be\/wp-content\/uploads\/2019\/11\/kyle-glenn-nXt5HtLmlgE-unsplash-705x470.jpg 705w\" sizes=\"(max-width: 5760px) 100vw, 5760px\" \/><\/div><\/div><\/div>\n<\/div><\/div><\/div><\/p>\n","protected":false},"excerpt":{"rendered":"","protected":false},"author":3,"featured_media":0,"parent":0,"menu_order":0,"comment_status":"closed","ping_status":"closed","template":"","meta":{"_exactmetrics_skip_tracking":false,"_exactmetrics_sitenote_active":false,"_exactmetrics_sitenote_note":"","_exactmetrics_sitenote_category":0},"yoast_head":"<!-- This site is optimized with the Yoast SEO plugin v20.9 - https:\/\/yoast.com\/wordpress\/plugins\/seo\/ -->\n<title>Pleidooi - ECPAT<\/title>\n<meta name=\"robots\" content=\"index, follow, max-snippet:-1, max-image-preview:large, max-video-preview:-1\" \/>\n<link rel=\"canonical\" href=\"https:\/\/ecpat.be\/nl\/pleidooi\/\" \/>\n<meta property=\"og:locale\" content=\"nl_NL\" \/>\n<meta property=\"og:type\" content=\"article\" \/>\n<meta property=\"og:title\" content=\"Pleidooi - ECPAT\" \/>\n<meta property=\"og:url\" content=\"https:\/\/ecpat.be\/nl\/pleidooi\/\" \/>\n<meta property=\"og:site_name\" content=\"ECPAT\" \/>\n<meta property=\"article:modified_time\" content=\"2021-10-22T13:57:34+00:00\" \/>\n<meta name=\"twitter:card\" content=\"summary_large_image\" \/>\n<meta name=\"twitter:label1\" content=\"Geschatte leestijd\" \/>\n\t<meta name=\"twitter:data1\" content=\"4 minuten\" \/>\n<script type=\"application\/ld+json\" class=\"yoast-schema-graph\">{\"@context\":\"https:\/\/schema.org\",\"@graph\":[{\"@type\":\"WebPage\",\"@id\":\"https:\/\/ecpat.be\/nl\/pleidooi\/\",\"url\":\"https:\/\/ecpat.be\/nl\/pleidooi\/\",\"name\":\"Pleidooi - ECPAT\",\"isPartOf\":{\"@id\":\"https:\/\/ecpat.be\/#website\"},\"datePublished\":\"2019-11-19T21:45:12+00:00\",\"dateModified\":\"2021-10-22T13:57:34+00:00\",\"breadcrumb\":{\"@id\":\"https:\/\/ecpat.be\/nl\/pleidooi\/#breadcrumb\"},\"inLanguage\":\"nl-NL\",\"potentialAction\":[{\"@type\":\"ReadAction\",\"target\":[\"https:\/\/ecpat.be\/nl\/pleidooi\/\"]}]},{\"@type\":\"BreadcrumbList\",\"@id\":\"https:\/\/ecpat.be\/nl\/pleidooi\/#breadcrumb\",\"itemListElement\":[{\"@type\":\"ListItem\",\"position\":1,\"name\":\"Home\",\"item\":\"https:\/\/ecpat.be\/nl\/\"},{\"@type\":\"ListItem\",\"position\":2,\"name\":\"Pleidooi\"}]},{\"@type\":\"WebSite\",\"@id\":\"https:\/\/ecpat.be\/#website\",\"url\":\"https:\/\/ecpat.be\/\",\"name\":\"ECPAT\",\"description\":\"STOP commerci\u00eble seksuele uitbuiting van kinderen\",\"potentialAction\":[{\"@type\":\"SearchAction\",\"target\":{\"@type\":\"EntryPoint\",\"urlTemplate\":\"https:\/\/ecpat.be\/?s={search_term_string}\"},\"query-input\":\"required name=search_term_string\"}],\"inLanguage\":\"nl-NL\"}]}<\/script>\n<!-- \/ Yoast SEO plugin. -->","yoast_head_json":{"title":"Pleidooi - ECPAT","robots":{"index":"index","follow":"follow","max-snippet":"max-snippet:-1","max-image-preview":"max-image-preview:large","max-video-preview":"max-video-preview:-1"},"canonical":"https:\/\/ecpat.be\/nl\/pleidooi\/","og_locale":"nl_NL","og_type":"article","og_title":"Pleidooi - ECPAT","og_url":"https:\/\/ecpat.be\/nl\/pleidooi\/","og_site_name":"ECPAT","article_modified_time":"2021-10-22T13:57:34+00:00","twitter_card":"summary_large_image","twitter_misc":{"Geschatte leestijd":"4 minuten"},"schema":{"@context":"https:\/\/schema.org","@graph":[{"@type":"WebPage","@id":"https:\/\/ecpat.be\/nl\/pleidooi\/","url":"https:\/\/ecpat.be\/nl\/pleidooi\/","name":"Pleidooi - ECPAT","isPartOf":{"@id":"https:\/\/ecpat.be\/#website"},"datePublished":"2019-11-19T21:45:12+00:00","dateModified":"2021-10-22T13:57:34+00:00","breadcrumb":{"@id":"https:\/\/ecpat.be\/nl\/pleidooi\/#breadcrumb"},"inLanguage":"nl-NL","potentialAction":[{"@type":"ReadAction","target":["https:\/\/ecpat.be\/nl\/pleidooi\/"]}]},{"@type":"BreadcrumbList","@id":"https:\/\/ecpat.be\/nl\/pleidooi\/#breadcrumb","itemListElement":[{"@type":"ListItem","position":1,"name":"Home","item":"https:\/\/ecpat.be\/nl\/"},{"@type":"ListItem","position":2,"name":"Pleidooi"}]},{"@type":"WebSite","@id":"https:\/\/ecpat.be\/#website","url":"https:\/\/ecpat.be\/","name":"ECPAT","description":"STOP commerci\u00eble seksuele uitbuiting van kinderen","potentialAction":[{"@type":"SearchAction","target":{"@type":"EntryPoint","urlTemplate":"https:\/\/ecpat.be\/?s={search_term_string}"},"query-input":"required name=search_term_string"}],"inLanguage":"nl-NL"}]}},"_links":{"self":[{"href":"https:\/\/ecpat.be\/nl\/wp-json\/wp\/v2\/pages\/14949\/"}],"collection":[{"href":"https:\/\/ecpat.be\/nl\/wp-json\/wp\/v2\/pages\/"}],"about":[{"href":"https:\/\/ecpat.be\/nl\/wp-json\/wp\/v2\/types\/page\/"}],"author":[{"embeddable":true,"href":"https:\/\/ecpat.be\/nl\/wp-json\/wp\/v2\/users\/3\/"}],"replies":[{"embeddable":true,"href":"https:\/\/ecpat.be\/nl\/wp-json\/wp\/v2\/comments\/?post=14949"}],"version-history":[{"count":3,"href":"https:\/\/ecpat.be\/nl\/wp-json\/wp\/v2\/pages\/14949\/revisions\/"}],"predecessor-version":[{"id":16139,"href":"https:\/\/ecpat.be\/nl\/wp-json\/wp\/v2\/pages\/14949\/revisions\/16139\/"}],"wp:attachment":[{"href":"https:\/\/ecpat.be\/nl\/wp-json\/wp\/v2\/media\/?parent=14949"}],"curies":[{"name":"wp","href":"https:\/\/api.w.org\/{rel}","templated":true}]}}