{"id":14953,"date":"2019-11-19T22:51:27","date_gmt":"2019-11-19T21:51:27","guid":{"rendered":"https:\/\/ecpat.be\/?page_id=14953"},"modified":"2021-10-22T16:01:19","modified_gmt":"2021-10-22T14:01:19","slug":"het-grote-public","status":"publish","type":"page","link":"https:\/\/ecpat.be\/nl\/het-grote-public\/","title":{"rendered":"Het grote publiek"},"content":{"rendered":"<p>\n<style type=\"text\/css\" data-created_by=\"avia_inline_auto\" id=\"style-css-av-k2hwnj4z-983f7454a67739ad43fd30ad3a47ec71\">\n#top .hr.hr-invisible.av-k2hwnj4z-983f7454a67739ad43fd30ad3a47ec71{\nheight:50px;\n}\n<\/style>\n<div  class='hr av-k2hwnj4z-983f7454a67739ad43fd30ad3a47ec71 hr-invisible  avia-builder-el-0  el_before_av_textblock  avia-builder-el-first '><span class='hr-inner '><span class=\"hr-inner-style\"><\/span><\/span><\/div><br \/>\n<section  class='av_textblock_section av-k2hwnt3e-2b5214d814616a5f1020fde429b13a04 '   itemscope=\"itemscope\" itemtype=\"https:\/\/schema.org\/CreativeWork\" ><div class='avia_textblock'  itemprop=\"text\" ><h1 style=\"text-align: center;\">Het grote publiek<\/h1>\n<\/div><\/section><\/p>\n<p>\n<style type=\"text\/css\" data-created_by=\"avia_inline_auto\" id=\"style-css-av-32w40rb-7365f836e3cad7ac57f604ace4a7b76b\">\n.flex_column.av-32w40rb-7365f836e3cad7ac57f604ace4a7b76b{\n-webkit-border-radius:0px 0px 0px 0px;\n-moz-border-radius:0px 0px 0px 0px;\nborder-radius:0px 0px 0px 0px;\npadding:0px 0px 0px 0px;\n}\n<\/style>\n<div  class='flex_column av-32w40rb-7365f836e3cad7ac57f604ace4a7b76b av_one_half  avia-builder-el-2  el_after_av_textblock  el_before_av_one_half  first flex_column_div av-zero-column-padding  column-top-margin'     ><style type=\"text\/css\" data-created_by=\"avia_inline_auto\" id=\"style-css-av-k2hw2ekk-aeed959d3da049c281920732ce3ce7fa\">\n.avia-image-container.av-k2hw2ekk-aeed959d3da049c281920732ce3ce7fa img.avia_image{\nbox-shadow:none;\n}\n.avia-image-container.av-k2hw2ekk-aeed959d3da049c281920732ce3ce7fa .av-image-caption-overlay-center{\ncolor:#ffffff;\n}\n<\/style>\n<div  class='avia-image-container av-k2hw2ekk-aeed959d3da049c281920732ce3ce7fa av-styling-no-styling av-hover-grow avia-align-left  avia-builder-el-3  avia-builder-el-no-sibling '   itemprop=\"image\" itemscope=\"itemscope\" itemtype=\"https:\/\/schema.org\/ImageObject\" ><div class=\"avia-image-container-inner\"><div class=\"avia-image-overlay-wrap\"><img decoding=\"async\" class='wp-image-14710 avia-img-lazy-loading-not-14710 avia_image ' src=\"https:\/\/ecpat.be\/wp-content\/uploads\/2019\/11\/PALACE-Story-1030x773.jpg\" alt='Projection Palace' title='PALACE-Story-1030x773'  height=\"773\" width=\"1030\"  itemprop=\"thumbnailUrl\" srcset=\"https:\/\/ecpat.be\/wp-content\/uploads\/2019\/11\/PALACE-Story-1030x773.jpg 1030w, https:\/\/ecpat.be\/wp-content\/uploads\/2019\/11\/PALACE-Story-1030x773-300x225.jpg 300w, https:\/\/ecpat.be\/wp-content\/uploads\/2019\/11\/PALACE-Story-1030x773-768x576.jpg 768w, https:\/\/ecpat.be\/wp-content\/uploads\/2019\/11\/PALACE-Story-1030x773-705x529.jpg 705w\" sizes=\"(max-width: 1030px) 100vw, 1030px\" \/><\/div><\/div><\/div><\/div><br \/>\n\n<style type=\"text\/css\" data-created_by=\"avia_inline_auto\" id=\"style-css-av-2cmw8rb-b30951cca91ec0a51ffd4a97279c9d2b\">\n.flex_column.av-2cmw8rb-b30951cca91ec0a51ffd4a97279c9d2b{\n-webkit-border-radius:0px 0px 0px 0px;\n-moz-border-radius:0px 0px 0px 0px;\nborder-radius:0px 0px 0px 0px;\npadding:0px 0px 0px 0px;\n}\n<\/style>\n<div  class='flex_column av-2cmw8rb-b30951cca91ec0a51ffd4a97279c9d2b av_one_half  avia-builder-el-4  el_after_av_one_half  el_before_av_one_half  flex_column_div av-zero-column-padding  column-top-margin'     ><p>\n<style type=\"text\/css\" data-created_by=\"avia_inline_auto\" id=\"style-css-av-k2hw54ve-636e670afd6951515982020a1184673b\">\n#top .hr.hr-invisible.av-k2hw54ve-636e670afd6951515982020a1184673b{\nheight:50px;\n}\n<\/style>\n<div  class='hr av-k2hw54ve-636e670afd6951515982020a1184673b hr-invisible  avia-builder-el-5  el_before_av_textblock  avia-builder-el-first '><span class='hr-inner '><span class=\"hr-inner-style\"><\/span><\/span><\/div><br \/>\n<section  class='av_textblock_section av-k2hvvlzd-d93ec9f3cb0e709aa201f49ee2810c4f '   itemscope=\"itemscope\" itemtype=\"https:\/\/schema.org\/CreativeWork\" ><div class='avia_textblock'  itemprop=\"text\" ><h3>VOORSTELLINGEN<\/h3>\n<p>ECPAT Belgi\u00eb organiseert jaarlijks \u00e9\u00e9n of meerdere voorstellingen, open voor het publiek, over thema&#8217;s die verband houden met de seksuele uitbuiting van kinderen.<\/p>\n<p>Laatste voorstellingen<\/p>\n<ul>\n<li><a href=\"https:\/\/ecpat.be\/nl\/een-krachtige-voorstelling\/\">By the name of Tania<\/a><\/li>\n<li><a href=\"https:\/\/ecpat.be\/nl\/kinderhandel-in-het-hart-van-europa\/\">Kinderhandel in het hart van Europa<\/a><\/li>\n<\/ul>\n<p>Deze voorstellingen worden meestal gevolgd door gesprekken met de regisseurs, veldwerkers en ECPAT Belgi\u00eb.<\/p>\n<\/div><\/section><\/p><\/div><br \/>\n\n<style type=\"text\/css\" data-created_by=\"avia_inline_auto\" id=\"style-css-av-26sb83b-8f10dd464bbfb825a446dc8e47745ef4\">\n.flex_column.av-26sb83b-8f10dd464bbfb825a446dc8e47745ef4{\n-webkit-border-radius:0px 0px 0px 0px;\n-moz-border-radius:0px 0px 0px 0px;\nborder-radius:0px 0px 0px 0px;\npadding:0px 0px 0px 0px;\n}\n<\/style>\n<div  class='flex_column av-26sb83b-8f10dd464bbfb825a446dc8e47745ef4 av_one_half  avia-builder-el-7  el_after_av_one_half  el_before_av_one_half  first flex_column_div av-zero-column-padding  column-top-margin'     ><p>\n<style type=\"text\/css\" data-created_by=\"avia_inline_auto\" id=\"style-css-av-k2hw54ve-636e670afd6951515982020a1184673b\">\n#top .hr.hr-invisible.av-k2hw54ve-636e670afd6951515982020a1184673b{\nheight:50px;\n}\n<\/style>\n<div  class='hr av-k2hw54ve-636e670afd6951515982020a1184673b hr-invisible  avia-builder-el-8  el_before_av_hr  avia-builder-el-first '><span class='hr-inner '><span class=\"hr-inner-style\"><\/span><\/span><\/div><br \/>\n\n<style type=\"text\/css\" data-created_by=\"avia_inline_auto\" id=\"style-css-av-k2hw54ve-636e670afd6951515982020a1184673b\">\n#top .hr.hr-invisible.av-k2hw54ve-636e670afd6951515982020a1184673b{\nheight:50px;\n}\n<\/style>\n<div  class='hr av-k2hw54ve-636e670afd6951515982020a1184673b hr-invisible  avia-builder-el-9  el_after_av_hr  el_before_av_textblock '><span class='hr-inner '><span class=\"hr-inner-style\"><\/span><\/span><\/div><br \/>\n<section  class='av_textblock_section av-k2hvvlzd-d93ec9f3cb0e709aa201f49ee2810c4f '   itemscope=\"itemscope\" itemtype=\"https:\/\/schema.org\/CreativeWork\" ><div class='avia_textblock'  itemprop=\"text\" ><h3>BEURZEN<\/h3>\n<p>ECPAT Belgi\u00eb bezoekt regelmatig beurzen gewijd aan het grote publiek.<\/p>\n<p>Zo nam ECPAT Belgi\u00eb bijvoorbeeld deel aan Science Expo, een tentoonstelling van wetenschappelijke projecten van en voor jongeren die elk jaar in Brussel plaatsvindt.<\/p>\n<p>Binnen de tentoonstelling was er de &#8220;Village Society&#8221;, om jongeren aan het denken te zetten over maatschappelijke kwesties. Het thema van dit jaar was gendergerelateerd geweld. ECPAT Belgi\u00eb heeft daarom verschillende activiteiten op het gebied van online veiligheid op poten gezet om tieners bewust te maken van de risico&#8217;s van seksuele uitbuiting.<\/p>\n<\/div><\/section><\/p><\/div><br \/>\n\n<style type=\"text\/css\" data-created_by=\"avia_inline_auto\" id=\"style-css-av-1qtyct3-7ebb9c3cad857f0bae8ed6a1ba6ab8ca\">\n.flex_column.av-1qtyct3-7ebb9c3cad857f0bae8ed6a1ba6ab8ca{\n-webkit-border-radius:0px 0px 0px 0px;\n-moz-border-radius:0px 0px 0px 0px;\nborder-radius:0px 0px 0px 0px;\npadding:0px 0px 0px 0px;\n}\n<\/style>\n<div  class='flex_column av-1qtyct3-7ebb9c3cad857f0bae8ed6a1ba6ab8ca av_one_half  avia-builder-el-11  el_after_av_one_half  el_before_av_one_half  flex_column_div av-zero-column-padding  column-top-margin'     ><style type=\"text\/css\" data-created_by=\"avia_inline_auto\" id=\"style-css-av-k2hw2ekk-bfae7d0307105d481056704769edd70e\">\n.avia-image-container.av-k2hw2ekk-bfae7d0307105d481056704769edd70e img.avia_image{\nbox-shadow:none;\n}\n.avia-image-container.av-k2hw2ekk-bfae7d0307105d481056704769edd70e .av-image-caption-overlay-center{\ncolor:#ffffff;\n}\n<\/style>\n<div  class='avia-image-container av-k2hw2ekk-bfae7d0307105d481056704769edd70e av-styling-no-styling av-hover-grow avia-align-left  avia-builder-el-12  avia-builder-el-no-sibling '   itemprop=\"image\" itemscope=\"itemscope\" itemtype=\"https:\/\/schema.org\/ImageObject\" ><div class=\"avia-image-container-inner\"><div class=\"avia-image-overlay-wrap\"><img decoding=\"async\" class='wp-image-14713 avia-img-lazy-loading-not-14713 avia_image ' src=\"https:\/\/ecpat.be\/wp-content\/uploads\/2019\/11\/Sciences-expo.png\" alt='Sciences expo' title='Sciences expo'  height=\"982\" width=\"926\"  itemprop=\"thumbnailUrl\" srcset=\"https:\/\/ecpat.be\/wp-content\/uploads\/2019\/11\/Sciences-expo.png 926w, https:\/\/ecpat.be\/wp-content\/uploads\/2019\/11\/Sciences-expo-283x300.png 283w, https:\/\/ecpat.be\/wp-content\/uploads\/2019\/11\/Sciences-expo-768x814.png 768w, https:\/\/ecpat.be\/wp-content\/uploads\/2019\/11\/Sciences-expo-665x705.png 665w\" sizes=\"(max-width: 926px) 100vw, 926px\" \/><\/div><\/div><\/div><\/div><br \/>\n\n<style type=\"text\/css\" data-created_by=\"avia_inline_auto\" id=\"style-css-av-48nutz-eb95aa808cbce80bfa8ba0dd70d946ae\">\n.flex_column.av-48nutz-eb95aa808cbce80bfa8ba0dd70d946ae{\n-webkit-border-radius:0px 0px 0px 0px;\n-moz-border-radius:0px 0px 0px 0px;\nborder-radius:0px 0px 0px 0px;\npadding:0px 0px 0px 0px;\n}\n<\/style>\n<div  class='flex_column av-48nutz-eb95aa808cbce80bfa8ba0dd70d946ae av_one_half  avia-builder-el-13  el_after_av_one_half  el_before_av_one_half  first flex_column_div av-zero-column-padding  column-top-margin'     ><style type=\"text\/css\" data-created_by=\"avia_inline_auto\" id=\"style-css-av-k2hw2ekk-172228821788c7c73caf5ee170fe38d8\">\n.avia-image-container.av-k2hw2ekk-172228821788c7c73caf5ee170fe38d8 img.avia_image{\nbox-shadow:none;\n}\n.avia-image-container.av-k2hw2ekk-172228821788c7c73caf5ee170fe38d8 .av-image-caption-overlay-center{\ncolor:#ffffff;\n}\n<\/style>\n<div  class='avia-image-container av-k2hw2ekk-172228821788c7c73caf5ee170fe38d8 av-styling-no-styling av-hover-grow avia-align-left  avia-builder-el-14  avia-builder-el-no-sibling '   itemprop=\"image\" itemscope=\"itemscope\" itemtype=\"https:\/\/schema.org\/ImageObject\" ><div class=\"avia-image-container-inner\"><div class=\"avia-image-overlay-wrap\"><img decoding=\"async\" class='wp-image-14716 avia-img-lazy-loading-not-14716 avia_image ' src=\"https:\/\/ecpat.be\/wp-content\/uploads\/2019\/11\/Apre\u0300s-2-450x338.jpeg\" alt='Course BXL ECPAT' title='Apre\u0300s-2-450x338'  height=\"338\" width=\"450\"  itemprop=\"thumbnailUrl\" srcset=\"https:\/\/ecpat.be\/wp-content\/uploads\/2019\/11\/Apre\u0300s-2-450x338.jpeg 450w, https:\/\/ecpat.be\/wp-content\/uploads\/2019\/11\/Apre\u0300s-2-450x338-300x225.jpeg 300w\" sizes=\"(max-width: 450px) 100vw, 450px\" \/><\/div><\/div><\/div><\/div><br \/>\n\n<style type=\"text\/css\" data-created_by=\"avia_inline_auto\" id=\"style-css-av-oq17jr-996619455e06611472c4a37b7abab4e7\">\n.flex_column.av-oq17jr-996619455e06611472c4a37b7abab4e7{\n-webkit-border-radius:0px 0px 0px 0px;\n-moz-border-radius:0px 0px 0px 0px;\nborder-radius:0px 0px 0px 0px;\npadding:0px 0px 0px 0px;\n}\n<\/style>\n<div  class='flex_column av-oq17jr-996619455e06611472c4a37b7abab4e7 av_one_half  avia-builder-el-15  el_after_av_one_half  el_before_av_hr  flex_column_div av-zero-column-padding  column-top-margin'     ><p>\n<style type=\"text\/css\" data-created_by=\"avia_inline_auto\" id=\"style-css-av-k2hw54ve-636e670afd6951515982020a1184673b\">\n#top .hr.hr-invisible.av-k2hw54ve-636e670afd6951515982020a1184673b{\nheight:50px;\n}\n<\/style>\n<div  class='hr av-k2hw54ve-636e670afd6951515982020a1184673b hr-invisible  avia-builder-el-16  el_before_av_textblock  avia-builder-el-first '><span class='hr-inner '><span class=\"hr-inner-style\"><\/span><\/span><\/div><br \/>\n<section  class='av_textblock_section av-k2hvvlzd-496b9bbcb18a323e2ad7db4a0a5749ba '   itemscope=\"itemscope\" itemtype=\"https:\/\/schema.org\/CreativeWork\" ><div class='avia_textblock'  itemprop=\"text\" ><h3>ANDERE EVENEMENTEN EN ACTIES<\/h3>\n<p>ECPAT Belgi\u00eb sensibiliseert ook aan de hand van verschillende andere acties.<\/p>\n<p>Zoals, via de pers, <a href=\"https:\/\/ecpat.be\/nl\/groot-succes-voor-venetie-onder-de-sneeuw\/\">theatervoorstellingen<\/a>, petities, <a href=\"https:\/\/ecpat.be\/nl\/ze-hebben-het-gedaan\/\">sportieve evenementen<\/a>, <a href=\"https:\/\/ecpat.be\/nl\/doe-mee-met-de-blue-heart-campagne\/\">campagnes<\/a>, video\u2019s\u2026<\/p>\n<\/div><\/section><\/p><\/div>\n<style type=\"text\/css\" data-created_by=\"avia_inline_auto\" id=\"style-css-av-k2hw54ve-636e670afd6951515982020a1184673b\">\n#top .hr.hr-invisible.av-k2hw54ve-636e670afd6951515982020a1184673b{\nheight:50px;\n}\n<\/style>\n<div  class='hr av-k2hw54ve-636e670afd6951515982020a1184673b hr-invisible  avia-builder-el-18  el_after_av_one_half  avia-builder-el-last '><span class='hr-inner '><span class=\"hr-inner-style\"><\/span><\/span><\/div><\/p>\n","protected":false},"excerpt":{"rendered":"","protected":false},"author":3,"featured_media":0,"parent":0,"menu_order":0,"comment_status":"closed","ping_status":"closed","template":"","meta":{"_exactmetrics_skip_tracking":false,"_exactmetrics_sitenote_active":false,"_exactmetrics_sitenote_note":"","_exactmetrics_sitenote_category":0},"yoast_head":"<!-- This site is optimized with the Yoast SEO plugin v20.9 - https:\/\/yoast.com\/wordpress\/plugins\/seo\/ -->\n<title>Het grote publiek - ECPAT<\/title>\n<meta name=\"robots\" content=\"index, follow, max-snippet:-1, max-image-preview:large, max-video-preview:-1\" \/>\n<link rel=\"canonical\" href=\"https:\/\/ecpat.be\/nl\/het-grote-public\/\" \/>\n<meta property=\"og:locale\" content=\"nl_NL\" \/>\n<meta property=\"og:type\" content=\"article\" \/>\n<meta property=\"og:title\" content=\"Het grote publiek - ECPAT\" \/>\n<meta property=\"og:url\" content=\"https:\/\/ecpat.be\/nl\/het-grote-public\/\" \/>\n<meta property=\"og:site_name\" content=\"ECPAT\" \/>\n<meta property=\"article:modified_time\" content=\"2021-10-22T14:01:19+00:00\" \/>\n<meta name=\"twitter:card\" content=\"summary_large_image\" \/>\n<meta name=\"twitter:label1\" content=\"Geschatte leestijd\" \/>\n\t<meta name=\"twitter:data1\" content=\"3 minuten\" \/>\n<script type=\"application\/ld+json\" class=\"yoast-schema-graph\">{\"@context\":\"https:\/\/schema.org\",\"@graph\":[{\"@type\":\"WebPage\",\"@id\":\"https:\/\/ecpat.be\/nl\/het-grote-public\/\",\"url\":\"https:\/\/ecpat.be\/nl\/het-grote-public\/\",\"name\":\"Het grote publiek - ECPAT\",\"isPartOf\":{\"@id\":\"https:\/\/ecpat.be\/#website\"},\"datePublished\":\"2019-11-19T21:51:27+00:00\",\"dateModified\":\"2021-10-22T14:01:19+00:00\",\"breadcrumb\":{\"@id\":\"https:\/\/ecpat.be\/nl\/het-grote-public\/#breadcrumb\"},\"inLanguage\":\"nl-NL\",\"potentialAction\":[{\"@type\":\"ReadAction\",\"target\":[\"https:\/\/ecpat.be\/nl\/het-grote-public\/\"]}]},{\"@type\":\"BreadcrumbList\",\"@id\":\"https:\/\/ecpat.be\/nl\/het-grote-public\/#breadcrumb\",\"itemListElement\":[{\"@type\":\"ListItem\",\"position\":1,\"name\":\"Home\",\"item\":\"https:\/\/ecpat.be\/nl\/\"},{\"@type\":\"ListItem\",\"position\":2,\"name\":\"Het grote publiek\"}]},{\"@type\":\"WebSite\",\"@id\":\"https:\/\/ecpat.be\/#website\",\"url\":\"https:\/\/ecpat.be\/\",\"name\":\"ECPAT\",\"description\":\"STOP commerci\u00eble seksuele uitbuiting van kinderen\",\"potentialAction\":[{\"@type\":\"SearchAction\",\"target\":{\"@type\":\"EntryPoint\",\"urlTemplate\":\"https:\/\/ecpat.be\/?s={search_term_string}\"},\"query-input\":\"required name=search_term_string\"}],\"inLanguage\":\"nl-NL\"}]}<\/script>\n<!-- \/ Yoast SEO plugin. -->","yoast_head_json":{"title":"Het grote publiek - ECPAT","robots":{"index":"index","follow":"follow","max-snippet":"max-snippet:-1","max-image-preview":"max-image-preview:large","max-video-preview":"max-video-preview:-1"},"canonical":"https:\/\/ecpat.be\/nl\/het-grote-public\/","og_locale":"nl_NL","og_type":"article","og_title":"Het grote publiek - ECPAT","og_url":"https:\/\/ecpat.be\/nl\/het-grote-public\/","og_site_name":"ECPAT","article_modified_time":"2021-10-22T14:01:19+00:00","twitter_card":"summary_large_image","twitter_misc":{"Geschatte leestijd":"3 minuten"},"schema":{"@context":"https:\/\/schema.org","@graph":[{"@type":"WebPage","@id":"https:\/\/ecpat.be\/nl\/het-grote-public\/","url":"https:\/\/ecpat.be\/nl\/het-grote-public\/","name":"Het grote publiek - ECPAT","isPartOf":{"@id":"https:\/\/ecpat.be\/#website"},"datePublished":"2019-11-19T21:51:27+00:00","dateModified":"2021-10-22T14:01:19+00:00","breadcrumb":{"@id":"https:\/\/ecpat.be\/nl\/het-grote-public\/#breadcrumb"},"inLanguage":"nl-NL","potentialAction":[{"@type":"ReadAction","target":["https:\/\/ecpat.be\/nl\/het-grote-public\/"]}]},{"@type":"BreadcrumbList","@id":"https:\/\/ecpat.be\/nl\/het-grote-public\/#breadcrumb","itemListElement":[{"@type":"ListItem","position":1,"name":"Home","item":"https:\/\/ecpat.be\/nl\/"},{"@type":"ListItem","position":2,"name":"Het grote publiek"}]},{"@type":"WebSite","@id":"https:\/\/ecpat.be\/#website","url":"https:\/\/ecpat.be\/","name":"ECPAT","description":"STOP commerci\u00eble seksuele uitbuiting van kinderen","potentialAction":[{"@type":"SearchAction","target":{"@type":"EntryPoint","urlTemplate":"https:\/\/ecpat.be\/?s={search_term_string}"},"query-input":"required name=search_term_string"}],"inLanguage":"nl-NL"}]}},"_links":{"self":[{"href":"https:\/\/ecpat.be\/nl\/wp-json\/wp\/v2\/pages\/14953\/"}],"collection":[{"href":"https:\/\/ecpat.be\/nl\/wp-json\/wp\/v2\/pages\/"}],"about":[{"href":"https:\/\/ecpat.be\/nl\/wp-json\/wp\/v2\/types\/page\/"}],"author":[{"embeddable":true,"href":"https:\/\/ecpat.be\/nl\/wp-json\/wp\/v2\/users\/3\/"}],"replies":[{"embeddable":true,"href":"https:\/\/ecpat.be\/nl\/wp-json\/wp\/v2\/comments\/?post=14953"}],"version-history":[{"count":2,"href":"https:\/\/ecpat.be\/nl\/wp-json\/wp\/v2\/pages\/14953\/revisions\/"}],"predecessor-version":[{"id":16142,"href":"https:\/\/ecpat.be\/nl\/wp-json\/wp\/v2\/pages\/14953\/revisions\/16142\/"}],"wp:attachment":[{"href":"https:\/\/ecpat.be\/nl\/wp-json\/wp\/v2\/media\/?parent=14953"}],"curies":[{"name":"wp","href":"https:\/\/api.w.org\/{rel}","templated":true}]}}